{"id":1286,"date":"2023-10-02T12:04:44","date_gmt":"2023-10-02T10:04:44","guid":{"rendered":"https:\/\/www.raulsebastian.com\/contacto\/"},"modified":"2023-12-14T13:20:08","modified_gmt":"2023-12-14T12:20:08","slug":"contacto","status":"publish","type":"page","link":"https:\/\/www.raulsebastian.com\/es\/contacto\/","title":{"rendered":"Contacto"},"content":{"rendered":"<section class=\"l-section wpb_row height_auto width_full\" id=\"cntMd\"><div class=\"l-section-h i-cf\"><div class=\"g-cols vc_row via_grid cols_1 laptops-cols_inherit tablets-cols_inherit mobiles-cols_1 valign_top type_default stacking_default\"><div class=\"wpb_column vc_column_container\"><div class=\"vc_column-inner\"><div class=\"w-map provider_google\" id=\"us_map_1\"><div class=\"w-map-inner\"><div class=\"w-map-json\" onclick='return {&quot;address&quot;:&quot;C\\\/ de Num\\u00e0ncia, 111, 115 08029 Barcelona&quot;,&quot;disableDragging&quot;:0,&quot;disableZoom&quot;:0,&quot;hideControls&quot;:0,&quot;zoom&quot;:14,&quot;markers&quot;:[{&quot;address&quot;:&quot;C\\\/ de Num\\u00e0ncia, 111, 115 08029 Barcelona&quot;,&quot;html&quot;:&quot;&lt;p&gt;C\\\/ Num\\u00e0ncia 111\\u2013115,&lt;\\\/br&gt;\\u2028escala A, local 2on.&lt;\\\/br&gt;\\u202808029 Barcelona.&lt;\\\/p&gt;&lt;\\\/p&gt;&quot;,&quot;infowindow&quot;:0}],&quot;maptype&quot;:&quot;ROADMAP&quot;}'><\/div><\/div><\/div><\/div><\/div><\/div><\/div><\/section><section class=\"l-section wpb_row height_medium\" id=\"frmMd\"><div class=\"l-section-h i-cf\"><div class=\"g-cols vc_row via_grid cols_1 laptops-cols_inherit tablets-cols_inherit mobiles-cols_1 valign_top type_default stacking_default\"><div class=\"wpb_column vc_column_container\"><div class=\"vc_column-inner\"><div class=\"wpb_text_column\"><div class=\"wpb_wrapper\"><h5 style=\"text-align: center;\">Cont\u00e1ctanos<\/h5>\n<\/div><\/div>\n<div class=\"wpcf7 no-js\" id=\"wpcf7-f1291-o1\" lang=\"es-ES\" dir=\"ltr\">\n<div class=\"screen-reader-response\"><p role=\"status\" aria-live=\"polite\" aria-atomic=\"true\"><\/p> <ul><\/ul><\/div>\n<form action=\"\/es\/wp-json\/wp\/v2\/pages\/1286#wpcf7-f1291-o1\" method=\"post\" class=\"wpcf7-form init\" aria-label=\"Formulario de contacto\" novalidate=\"novalidate\" data-status=\"init\">\n<div style=\"display: none;\">\n<input type=\"hidden\" name=\"_wpcf7\" value=\"1291\" \/>\n<input type=\"hidden\" name=\"_wpcf7_version\" value=\"5.8.2\" \/>\n<input type=\"hidden\" name=\"_wpcf7_locale\" value=\"es_ES\" \/>\n<input type=\"hidden\" name=\"_wpcf7_unit_tag\" value=\"wpcf7-f1291-o1\" \/>\n<input type=\"hidden\" name=\"_wpcf7_container_post\" value=\"0\" \/>\n<input type=\"hidden\" name=\"_wpcf7_posted_data_hash\" value=\"\" \/>\n<input type=\"hidden\" name=\"_wpcf7_recaptcha_response\" value=\"\" \/>\n<\/div>\n<div class=\"half\">\n\t<p><span class=\"wpcf7-form-control-wrap\" data-name=\"your-name\"><input size=\"40\" class=\"wpcf7-form-control wpcf7-text wpcf7-validates-as-required\" aria-required=\"true\" aria-invalid=\"false\" placeholder=\"Nombre y apellidos*\" value=\"\" type=\"text\" name=\"your-name\" \/><\/span><span class=\"wpcf7-form-control-wrap\" data-name=\"your-email\"><input size=\"40\" class=\"wpcf7-form-control wpcf7-email wpcf7-validates-as-required wpcf7-text wpcf7-validates-as-email\" aria-required=\"true\" aria-invalid=\"false\" placeholder=\"Direcci\u00f3n de correo*\" value=\"\" type=\"email\" name=\"your-email\" \/><\/span><span class=\"wpcf7-form-control-wrap\" data-name=\"your-tel\"><input size=\"40\" class=\"wpcf7-form-control wpcf7-tel wpcf7-text wpcf7-validates-as-tel\" aria-invalid=\"false\" placeholder=\"Tel\u00e9fono\" value=\"\" type=\"tel\" name=\"your-tel\" \/><\/span><span class=\"wpcf7-form-control-wrap\" data-name=\"textarea-692\"><textarea cols=\"40\" rows=\"10\" class=\"wpcf7-form-control wpcf7-textarea\" aria-invalid=\"false\" placeholder=\"Mensaje\" name=\"textarea-692\"><\/textarea><\/span>\n\t<\/p>\n<\/div>\n<div class=\"legal\">\n\t<p><span class=\"wpcf7-form-control-wrap\" data-name=\"acceptance-646\"><span class=\"wpcf7-form-control wpcf7-acceptance\"><span class=\"wpcf7-list-item\"><label><input type=\"checkbox\" name=\"acceptance-646\" value=\"1\" aria-invalid=\"false\" \/><span class=\"wpcf7-list-item-label\">*Acepto los t\u00e9rminos y condiciones <a href=\"\/politica-privacidad\/\" target=\"_blank\">(ver)<\/a>.<\/span><\/label><\/span><\/span><\/span>\n\t<\/p>\n<\/div>\n<div class=\"enviar\">\n\t<p><input class=\"wpcf7-form-control wpcf7-submit has-spinner\" type=\"submit\" value=\"Enviar\" \/>\n\t<\/p>\n<\/div>\n<p style=\"margin:0; padding:0; line-height: 0; Height:0;\"><span id=\"wpcf7-69e17e34abc52-wrapper\" class=\"wpcf7-form-control-wrap honeypot-781-wrap\" style=\"display:none !important; visibility:hidden !important;\"><label for=\"hddn-form\" class=\"hp-message\">Por favor, deja este campo vac\u00edo.<\/label><input id=\"hddn-form\"  class=\"wpcf7-form-control wpcf7-text\" type=\"text\" name=\"honeypot-781\" value=\"\" size=\"40\" tabindex=\"-1\" autocomplete=\"new-password\" \/><\/span>\n<\/p><div class=\"wpcf7-response-output\" aria-hidden=\"true\"><\/div>\n<\/form>\n<\/div>\n<\/div><\/div><\/div><\/div><\/section>\n","protected":false},"excerpt":{"rendered":"Cont\u00e1ctanos *Acepto los t\u00e9rminos y condiciones (ver). Por favor, deja este campo vac\u00edo.","protected":false},"author":1,"featured_media":0,"parent":0,"menu_order":0,"comment_status":"closed","ping_status":"closed","template":"","meta":{"footnotes":""},"yoast_head":"<!-- This site is optimized with the Yoast SEO plugin v21.5 - https:\/\/yoast.com\/wordpress\/plugins\/seo\/ -->\r\n<title>Contacto - ra\u00fcl sebasti\u00e1n<\/title>\r\n<meta name=\"robots\" content=\"index, follow, max-snippet:-1, max-image-preview:large, max-video-preview:-1\" \/>\r\n<link rel=\"canonical\" href=\"https:\/\/www.raulsebastian.com\/es\/contacto\/\" \/>\r\n<meta property=\"og:locale\" content=\"es_ES\" \/>\r\n<meta property=\"og:type\" content=\"article\" \/>\r\n<meta property=\"og:title\" content=\"Contacto - ra\u00fcl sebasti\u00e1n\" \/>\r\n<meta property=\"og:url\" content=\"https:\/\/www.raulsebastian.com\/es\/contacto\/\" \/>\r\n<meta property=\"og:site_name\" content=\"ra\u00fcl sebasti\u00e1n\" \/>\r\n<meta property=\"article:modified_time\" content=\"2023-12-14T12:20:08+00:00\" \/>\r\n<meta name=\"twitter:card\" content=\"summary_large_image\" \/>\r\n<script type=\"application\/ld+json\" class=\"yoast-schema-graph\">{\"@context\":\"https:\/\/schema.org\",\"@graph\":[{\"@type\":\"WebPage\",\"@id\":\"https:\/\/www.raulsebastian.com\/es\/contacto\/\",\"url\":\"https:\/\/www.raulsebastian.com\/es\/contacto\/\",\"name\":\"Contacto - ra\u00fcl sebasti\u00e1n\",\"isPartOf\":{\"@id\":\"https:\/\/www.raulsebastian.com\/es\/#website\"},\"datePublished\":\"2023-10-02T10:04:44+00:00\",\"dateModified\":\"2023-12-14T12:20:08+00:00\",\"breadcrumb\":{\"@id\":\"https:\/\/www.raulsebastian.com\/es\/contacto\/#breadcrumb\"},\"inLanguage\":\"es\",\"potentialAction\":[{\"@type\":\"ReadAction\",\"target\":[\"https:\/\/www.raulsebastian.com\/es\/contacto\/\"]}]},{\"@type\":\"BreadcrumbList\",\"@id\":\"https:\/\/www.raulsebastian.com\/es\/contacto\/#breadcrumb\",\"itemListElement\":[{\"@type\":\"ListItem\",\"position\":1,\"name\":\"Inici\",\"item\":\"https:\/\/www.raulsebastian.com\/es\/inicio\/\"},{\"@type\":\"ListItem\",\"position\":2,\"name\":\"Contacto\"}]},{\"@type\":\"WebSite\",\"@id\":\"https:\/\/www.raulsebastian.com\/es\/#website\",\"url\":\"https:\/\/www.raulsebastian.com\/es\/\",\"name\":\"ra\u00fcl sebasti\u00e1n\",\"description\":\"Arquitecte t\u00e8cnic\",\"potentialAction\":[{\"@type\":\"SearchAction\",\"target\":{\"@type\":\"EntryPoint\",\"urlTemplate\":\"https:\/\/www.raulsebastian.com\/es\/?s={search_term_string}\"},\"query-input\":\"required name=search_term_string\"}],\"inLanguage\":\"es\"}]}<\/script>\r\n<!-- \/ Yoast SEO plugin. -->","yoast_head_json":{"title":"Contacto - ra\u00fcl sebasti\u00e1n","robots":{"index":"index","follow":"follow","max-snippet":"max-snippet:-1","max-image-preview":"max-image-preview:large","max-video-preview":"max-video-preview:-1"},"canonical":"https:\/\/www.raulsebastian.com\/es\/contacto\/","og_locale":"es_ES","og_type":"article","og_title":"Contacto - ra\u00fcl sebasti\u00e1n","og_url":"https:\/\/www.raulsebastian.com\/es\/contacto\/","og_site_name":"ra\u00fcl sebasti\u00e1n","article_modified_time":"2023-12-14T12:20:08+00:00","twitter_card":"summary_large_image","schema":{"@context":"https:\/\/schema.org","@graph":[{"@type":"WebPage","@id":"https:\/\/www.raulsebastian.com\/es\/contacto\/","url":"https:\/\/www.raulsebastian.com\/es\/contacto\/","name":"Contacto - ra\u00fcl sebasti\u00e1n","isPartOf":{"@id":"https:\/\/www.raulsebastian.com\/es\/#website"},"datePublished":"2023-10-02T10:04:44+00:00","dateModified":"2023-12-14T12:20:08+00:00","breadcrumb":{"@id":"https:\/\/www.raulsebastian.com\/es\/contacto\/#breadcrumb"},"inLanguage":"es","potentialAction":[{"@type":"ReadAction","target":["https:\/\/www.raulsebastian.com\/es\/contacto\/"]}]},{"@type":"BreadcrumbList","@id":"https:\/\/www.raulsebastian.com\/es\/contacto\/#breadcrumb","itemListElement":[{"@type":"ListItem","position":1,"name":"Inici","item":"https:\/\/www.raulsebastian.com\/es\/inicio\/"},{"@type":"ListItem","position":2,"name":"Contacto"}]},{"@type":"WebSite","@id":"https:\/\/www.raulsebastian.com\/es\/#website","url":"https:\/\/www.raulsebastian.com\/es\/","name":"ra\u00fcl sebasti\u00e1n","description":"Arquitecte t\u00e8cnic","potentialAction":[{"@type":"SearchAction","target":{"@type":"EntryPoint","urlTemplate":"https:\/\/www.raulsebastian.com\/es\/?s={search_term_string}"},"query-input":"required name=search_term_string"}],"inLanguage":"es"}]}},"_links":{"self":[{"href":"https:\/\/www.raulsebastian.com\/es\/wp-json\/wp\/v2\/pages\/1286"}],"collection":[{"href":"https:\/\/www.raulsebastian.com\/es\/wp-json\/wp\/v2\/pages"}],"about":[{"href":"https:\/\/www.raulsebastian.com\/es\/wp-json\/wp\/v2\/types\/page"}],"author":[{"embeddable":true,"href":"https:\/\/www.raulsebastian.com\/es\/wp-json\/wp\/v2\/users\/1"}],"replies":[{"embeddable":true,"href":"https:\/\/www.raulsebastian.com\/es\/wp-json\/wp\/v2\/comments?post=1286"}],"version-history":[{"count":2,"href":"https:\/\/www.raulsebastian.com\/es\/wp-json\/wp\/v2\/pages\/1286\/revisions"}],"predecessor-version":[{"id":1288,"href":"https:\/\/www.raulsebastian.com\/es\/wp-json\/wp\/v2\/pages\/1286\/revisions\/1288"}],"wp:attachment":[{"href":"https:\/\/www.raulsebastian.com\/es\/wp-json\/wp\/v2\/media?parent=1286"}],"curies":[{"name":"wp","href":"https:\/\/api.w.org\/{rel}","templated":true}]}}