{"id":1284,"date":"2023-10-02T12:04:13","date_gmt":"2023-10-02T10:04:13","guid":{"rendered":"https:\/\/www.raulsebastian.com\/proyectos\/"},"modified":"2023-12-14T13:19:26","modified_gmt":"2023-12-14T12:19:26","slug":"proyectos","status":"publish","type":"page","link":"https:\/\/www.raulsebastian.com\/es\/proyectos\/","title":{"rendered":"Proyectos"},"content":{"rendered":"<section class=\"l-section wpb_row height_small\" id=\"prtMd\"><div class=\"l-section-h i-cf\"><div class=\"g-cols vc_row via_grid cols_1 laptops-cols_inherit tablets-cols_inherit mobiles-cols_1 valign_top type_default stacking_default\"><div class=\"wpb_column vc_column_container\"><div class=\"vc_column-inner\"><form class=\"w-filter state_desktop layout_hor items_1 style_switch_trendy align_center show_on_hover hide_item_title hide_disabled_values\" action onsubmit=\"return false;\" onclick='return {&quot;filterPrefix&quot;:&quot;filter&quot;,&quot;hideDisabledValues&quot;:true,&quot;layout&quot;:&quot;hor&quot;,&quot;mobileWidth&quot;:0,&quot;use_grid&quot;:&quot;first&quot;,&quot;gridNotFoundMessage&quot;:&quot;Nothing to filter. Add a suitable Grid to this page.&quot;}'><div class=\"w-filter-list\"><div class=\"w-filter-list-title\">Filtros<\/div><button class=\"w-filter-list-closer\" title=\"Cerrar\" aria=label=\"Cerrar\"><\/button><div class=\"w-filter-item\" data-source=\"tax|us_portfolio_category\" data-ui_type=\"radio\"><button class=\"w-filter-item-title\">Categor\u00edas de portfolio<span><\/span><\/button><a class=\"w-filter-item-reset\" href=\"#\" title=\"Reiniciar\"><span>Reiniciar<\/span><\/a><div class=\"w-filter-item-values\" data-maxheight=\"40vh\" style=\"max-height:40vh\"><div class=\"w-filter-item-value selected\"><label><input type=\"radio\" value=\"*\" name=\"filter_us_portfolio_category\" checked='checked'><span class=\"w-filter-item-value-label\">Todo<\/span><\/label><\/div><div class=\"w-filter-item-value\" data-item-amount=\"14\"><label><input type=\"radio\" value=\"equipamientos\" name=\"filter_us_portfolio_category\"><span class=\"w-filter-item-value-label\">Equipamientos<\/span><\/label><\/div><div class=\"w-filter-item-value\" data-item-amount=\"7\"><label><input type=\"radio\" value=\"rehabilitacion\" name=\"filter_us_portfolio_category\"><span class=\"w-filter-item-value-label\">Rehabilitaci\u00f3n<\/span><\/label><\/div><div class=\"w-filter-item-value\" data-item-amount=\"12\"><label><input type=\"radio\" value=\"viviendas\" name=\"filter_us_portfolio_category\"><span class=\"w-filter-item-value-label\">Viviendas<\/span><\/label><\/div><\/div><\/div><\/div><div class=\"w-filter-list-panel\"><button class=\"w-btn us-btn-style_1\"><span class=\"w-btn-label\">Aplicar<\/span><\/button><\/div><style>@media( max-width:0px ){.w-filter.state_desktop .w-filter-list,.w-filter-item-title>span{display:none}.w-filter-opener{display:inline-block}}<\/style><button class=\"w-filter-opener\"><span>Filtros<\/span><\/button><div class=\"w-filter-json-filters-args hidden\" onclick='return {&quot;taxonomies_query_args&quot;:{&quot;tax|us_portfolio_category&quot;:{&quot;equipamientos&quot;:{&quot;fields&quot;:&quot;ids&quot;,&quot;nopaging&quot;:true,&quot;post_status&quot;:[&quot;publish&quot;,&quot;inherit&quot;],&quot;post_type&quot;:[],&quot;posts_per_page&quot;:1,&quot;suppress_filters&quot;:true,&quot;tax_query&quot;:[{&quot;taxonomy&quot;:&quot;us_portfolio_category&quot;,&quot;field&quot;:&quot;slug&quot;,&quot;terms&quot;:&quot;equipamientos&quot;}]},&quot;rehabilitacion&quot;:{&quot;fields&quot;:&quot;ids&quot;,&quot;nopaging&quot;:true,&quot;post_status&quot;:[&quot;publish&quot;,&quot;inherit&quot;],&quot;post_type&quot;:[],&quot;posts_per_page&quot;:1,&quot;suppress_filters&quot;:true,&quot;tax_query&quot;:[{&quot;taxonomy&quot;:&quot;us_portfolio_category&quot;,&quot;field&quot;:&quot;slug&quot;,&quot;terms&quot;:&quot;rehabilitacion&quot;}]},&quot;viviendas&quot;:{&quot;fields&quot;:&quot;ids&quot;,&quot;nopaging&quot;:true,&quot;post_status&quot;:[&quot;publish&quot;,&quot;inherit&quot;],&quot;post_type&quot;:[],&quot;posts_per_page&quot;:1,&quot;suppress_filters&quot;:true,&quot;tax_query&quot;:[{&quot;taxonomy&quot;:&quot;us_portfolio_category&quot;,&quot;field&quot;:&quot;slug&quot;,&quot;terms&quot;:&quot;viviendas&quot;}]}}}}'><\/div><\/form><div class=\"w-grid type_grid layout_192 cols_3 ratio_4x3\" id=\"us_grid_1\" style=\"--gap:8px;\" data-filterable=\"true\"><style>@media (max-width:767px){#us_grid_1 .w-grid-item{width:50%}#us_grid_1 .w-grid-item.size_2x1,#us_grid_1 .w-grid-item.size_2x2{width:100%}}@media (max-width:479px){#us_grid_1 .w-grid-list{margin:0}#us_grid_1 .w-grid-item{width:100%;padding:0;margin-bottom:var(--gap,0px)}}.layout_192 .w-grid-item-h:before{padding-bottom:75%}@media (min-width:480px){.layout_192 .w-grid-item.size_1x2 .w-grid-item-h:before{padding-bottom:calc(150% + var(--gap,0px) * 2)}.layout_192 .w-grid-item.size_2x1 .w-grid-item-h:before{padding-bottom:calc(37.5% - var(--gap,0px) * 0.75)}.layout_192 .w-grid-item.size_2x2 .w-grid-item-h:before{padding-bottom:calc(75% - var(--gap,0px) * -0.5)}}.layout_192 .w-grid-item-h{}<\/style><div class=\"w-grid-list\">\t<article class=\"w-grid-item size_1x1 post-1293 us_portfolio type-us_portfolio status-publish has-post-thumbnail hentry us_portfolio_category-rehabilitacion us_portfolio_category-viviendas\" data-id=\"1293\">\n\t\t<div class=\"w-grid-item-h\">\n\t\t\t\t\t\t<div class=\"w-post-elm post_image usg_post_image_1 stretched\"><a href=\"https:\/\/www.raulsebastian.com\/es\/portfolio\/viviendas-av-diagonal-358-360\/\" aria-label=\"Viviendas Av. Diagonal 358 &#8211; 360\"><img loading=\"lazy\" decoding=\"async\" width=\"411\" height=\"320\" src=\"https:\/\/www.raulsebastian.com\/wp-content\/uploads\/2023\/10\/Habitatges-Pau-Claris-thumb.jpg\" class=\"attachment-full size-full wp-post-image\" alt=\"\" srcset=\"https:\/\/www.raulsebastian.com\/wp-content\/uploads\/2023\/10\/Habitatges-Pau-Claris-thumb.jpg 411w, https:\/\/www.raulsebastian.com\/wp-content\/uploads\/2023\/10\/Habitatges-Pau-Claris-thumb-300x234.jpg 300w\" sizes=\"(max-width: 411px) 100vw, 411px\" \/><\/a><\/div><h5 class=\"w-post-elm post_title usg_post_title_1 entry-title\"><a href=\"https:\/\/www.raulsebastian.com\/es\/portfolio\/viviendas-av-diagonal-358-360\/\">Viviendas Av. Diagonal 358 &#8211; 360<\/a><\/h5><div class=\"w-post-elm post_content usg_post_content_1\"><p>Rehabilitaci\u00f3n de fachadas, zonas comunes, cubiertas y seis viviendas en edifico existente.<\/p>\n<\/div><div class=\"w-post-elm post_taxonomy usg_post_taxonomy_1 style_simple\"><a class=\"term-17 term-rehabilitacion\" href=\"https:\/\/www.raulsebastian.com\/es\/portfolio_category\/rehabilitacion\/\">Rehabilitaci\u00f3n<\/a><b>, <\/b><a class=\"term-16 term-viviendas\" href=\"https:\/\/www.raulsebastian.com\/es\/portfolio_category\/viviendas\/\">Viviendas<\/a><\/div>\t\t<\/div>\n\t<\/article>\n\t<article class=\"w-grid-item size_1x1 post-1296 us_portfolio type-us_portfolio status-publish has-post-thumbnail hentry us_portfolio_category-rehabilitacion us_portfolio_category-viviendas\" data-id=\"1296\">\n\t\t<div class=\"w-grid-item-h\">\n\t\t\t\t\t\t<div class=\"w-post-elm post_image usg_post_image_1 stretched\"><a href=\"https:\/\/www.raulsebastian.com\/es\/portfolio\/viviendas-pau-claris-115\/\" aria-label=\"Viviendas Pau Claris 115\"><img loading=\"lazy\" decoding=\"async\" width=\"411\" height=\"320\" src=\"https:\/\/www.raulsebastian.com\/wp-content\/uploads\/2023\/10\/PauClaris-thumb.jpg\" class=\"attachment-full size-full wp-post-image\" alt=\"\" srcset=\"https:\/\/www.raulsebastian.com\/wp-content\/uploads\/2023\/10\/PauClaris-thumb.jpg 411w, https:\/\/www.raulsebastian.com\/wp-content\/uploads\/2023\/10\/PauClaris-thumb-300x234.jpg 300w\" sizes=\"(max-width: 411px) 100vw, 411px\" \/><\/a><\/div><h5 class=\"w-post-elm post_title usg_post_title_1 entry-title\"><a href=\"https:\/\/www.raulsebastian.com\/es\/portfolio\/viviendas-pau-claris-115\/\">Viviendas Pau Claris 115<\/a><\/h5><div class=\"w-post-elm post_content usg_post_content_1\"><p>Rehabilitaci\u00f3n de fachadas, zonas comunes y cuatro viviendas en edifico existente.<\/p>\n<\/div><div class=\"w-post-elm post_taxonomy usg_post_taxonomy_1 style_simple\"><a class=\"term-17 term-rehabilitacion\" href=\"https:\/\/www.raulsebastian.com\/es\/portfolio_category\/rehabilitacion\/\">Rehabilitaci\u00f3n<\/a><b>, <\/b><a class=\"term-16 term-viviendas\" href=\"https:\/\/www.raulsebastian.com\/es\/portfolio_category\/viviendas\/\">Viviendas<\/a><\/div>\t\t<\/div>\n\t<\/article>\n\t<article class=\"w-grid-item size_1x1 post-1299 us_portfolio type-us_portfolio status-publish has-post-thumbnail hentry us_portfolio_category-equipamientos\" data-id=\"1299\">\n\t\t<div class=\"w-grid-item-h\">\n\t\t\t\t\t\t<div class=\"w-post-elm post_image usg_post_image_1 stretched\"><a href=\"https:\/\/www.raulsebastian.com\/es\/portfolio\/edificio-de-oficinas-en-cornella\/\" aria-label=\"Edificio de oficinas en Cornell\u00e0\"><img loading=\"lazy\" decoding=\"async\" width=\"411\" height=\"320\" src=\"https:\/\/www.raulsebastian.com\/wp-content\/uploads\/2023\/10\/Edifici-oficines-Cornella-thumb.jpg\" class=\"attachment-full size-full wp-post-image\" alt=\"\" srcset=\"https:\/\/www.raulsebastian.com\/wp-content\/uploads\/2023\/10\/Edifici-oficines-Cornella-thumb.jpg 411w, https:\/\/www.raulsebastian.com\/wp-content\/uploads\/2023\/10\/Edifici-oficines-Cornella-thumb-300x234.jpg 300w\" sizes=\"(max-width: 411px) 100vw, 411px\" \/><\/a><\/div><h5 class=\"w-post-elm post_title usg_post_title_1 entry-title\"><a href=\"https:\/\/www.raulsebastian.com\/es\/portfolio\/edificio-de-oficinas-en-cornella\/\">Edificio de oficinas en Cornell\u00e0<\/a><\/h5><div class=\"w-post-elm post_content usg_post_content_1\"><p>Reforma i rehabilitaci\u00f3n de un edificio de oficinas existente<\/p>\n<\/div><div class=\"w-post-elm post_taxonomy usg_post_taxonomy_1 style_simple\"><a class=\"term-15 term-equipamientos\" href=\"https:\/\/www.raulsebastian.com\/es\/portfolio_category\/equipamientos\/\">Equipamientos<\/a><\/div>\t\t<\/div>\n\t<\/article>\n\t<article class=\"w-grid-item size_1x1 post-1302 us_portfolio type-us_portfolio status-publish has-post-thumbnail hentry us_portfolio_category-viviendas\" data-id=\"1302\">\n\t\t<div class=\"w-grid-item-h\">\n\t\t\t\t\t\t<div class=\"w-post-elm post_image usg_post_image_1 stretched\"><a href=\"https:\/\/www.raulsebastian.com\/es\/portfolio\/viviendas-tuset-13\/\" aria-label=\"Viviendas Tuset 13\"><img loading=\"lazy\" decoding=\"async\" width=\"411\" height=\"320\" src=\"https:\/\/www.raulsebastian.com\/wp-content\/uploads\/2023\/10\/Habitatges-Tuset-13-thumb.jpg\" class=\"attachment-full size-full wp-post-image\" alt=\"\" srcset=\"https:\/\/www.raulsebastian.com\/wp-content\/uploads\/2023\/10\/Habitatges-Tuset-13-thumb.jpg 411w, https:\/\/www.raulsebastian.com\/wp-content\/uploads\/2023\/10\/Habitatges-Tuset-13-thumb-300x234.jpg 300w\" sizes=\"(max-width: 411px) 100vw, 411px\" \/><\/a><\/div><h5 class=\"w-post-elm post_title usg_post_title_1 entry-title\"><a href=\"https:\/\/www.raulsebastian.com\/es\/portfolio\/viviendas-tuset-13\/\">Viviendas Tuset 13<\/a><\/h5><div class=\"w-post-elm post_content usg_post_content_1\"><p>Gran rehabilitaci\u00f3n de edificio plurifamiliar existente para la construcci\u00f3n de 41 viviendas en la calle Tuset n\u00ba 13 de Barcelona.<\/p>\n<\/div><div class=\"w-post-elm post_taxonomy usg_post_taxonomy_1 style_simple\"><a class=\"term-16 term-viviendas\" href=\"https:\/\/www.raulsebastian.com\/es\/portfolio_category\/viviendas\/\">Viviendas<\/a><\/div>\t\t<\/div>\n\t<\/article>\n\t<article class=\"w-grid-item size_1x1 post-1305 us_portfolio type-us_portfolio status-publish has-post-thumbnail hentry us_portfolio_category-viviendas\" data-id=\"1305\">\n\t\t<div class=\"w-grid-item-h\">\n\t\t\t\t\t\t<div class=\"w-post-elm post_image usg_post_image_1 stretched\"><a href=\"https:\/\/www.raulsebastian.com\/es\/portfolio\/viviendas-lesseps\/\" aria-label=\"Viviendas Lesseps\"><img loading=\"lazy\" decoding=\"async\" width=\"411\" height=\"320\" src=\"https:\/\/www.raulsebastian.com\/wp-content\/uploads\/2023\/10\/Habitatges-Lesseps-thumb.jpg\" class=\"attachment-full size-full wp-post-image\" alt=\"\" srcset=\"https:\/\/www.raulsebastian.com\/wp-content\/uploads\/2023\/10\/Habitatges-Lesseps-thumb.jpg 411w, https:\/\/www.raulsebastian.com\/wp-content\/uploads\/2023\/10\/Habitatges-Lesseps-thumb-300x234.jpg 300w\" sizes=\"(max-width: 411px) 100vw, 411px\" \/><\/a><\/div><h5 class=\"w-post-elm post_title usg_post_title_1 entry-title\"><a href=\"https:\/\/www.raulsebastian.com\/es\/portfolio\/viviendas-lesseps\/\">Viviendas Lesseps<\/a><\/h5><div class=\"w-post-elm post_content usg_post_content_1\"><p>Rehabilitaci\u00f3n y adecuaci\u00f3n de edificio de oficinas y locales a edificio de viviendas, locales y trasteros en la Avinguda Riera de Cassoles n\u00ba 66 de Barcelona.<\/p>\n<\/div><div class=\"w-post-elm post_taxonomy usg_post_taxonomy_1 style_simple\"><a class=\"term-16 term-viviendas\" href=\"https:\/\/www.raulsebastian.com\/es\/portfolio_category\/viviendas\/\">Viviendas<\/a><\/div>\t\t<\/div>\n\t<\/article>\n\t<article class=\"w-grid-item size_1x1 post-1308 us_portfolio type-us_portfolio status-publish has-post-thumbnail hentry us_portfolio_category-equipamientos us_portfolio_category-rehabilitacion\" data-id=\"1308\">\n\t\t<div class=\"w-grid-item-h\">\n\t\t\t\t\t\t<div class=\"w-post-elm post_image usg_post_image_1 stretched\"><a href=\"https:\/\/www.raulsebastian.com\/es\/portfolio\/la-nave-taller\/\" aria-label=\"La Nave Taller\"><img loading=\"lazy\" decoding=\"async\" width=\"411\" height=\"320\" src=\"https:\/\/www.raulsebastian.com\/wp-content\/uploads\/2023\/10\/La-Nau-Taller-thumb.jpg\" class=\"attachment-full size-full wp-post-image\" alt=\"\" srcset=\"https:\/\/www.raulsebastian.com\/wp-content\/uploads\/2023\/10\/La-Nau-Taller-thumb.jpg 411w, https:\/\/www.raulsebastian.com\/wp-content\/uploads\/2023\/10\/La-Nau-Taller-thumb-300x234.jpg 300w\" sizes=\"(max-width: 411px) 100vw, 411px\" \/><\/a><\/div><h5 class=\"w-post-elm post_title usg_post_title_1 entry-title\"><a href=\"https:\/\/www.raulsebastian.com\/es\/portfolio\/la-nave-taller\/\">La Nave Taller<\/a><\/h5><div class=\"w-post-elm post_content usg_post_content_1\"><p>Proyecto de reforma y adecuaci\u00f3n interior de un edificio existente (Nave Taller) en la calle Aribau n\u00ba 226 de Barcelona.<\/p>\n<\/div><div class=\"w-post-elm post_taxonomy usg_post_taxonomy_1 style_simple\"><a class=\"term-15 term-equipamientos\" href=\"https:\/\/www.raulsebastian.com\/es\/portfolio_category\/equipamientos\/\">Equipamientos<\/a><b>, <\/b><a class=\"term-17 term-rehabilitacion\" href=\"https:\/\/www.raulsebastian.com\/es\/portfolio_category\/rehabilitacion\/\">Rehabilitaci\u00f3n<\/a><\/div>\t\t<\/div>\n\t<\/article>\n\t<article class=\"w-grid-item size_1x1 post-1311 us_portfolio type-us_portfolio status-publish has-post-thumbnail hentry us_portfolio_category-viviendas\" data-id=\"1311\">\n\t\t<div class=\"w-grid-item-h\">\n\t\t\t\t\t\t<div class=\"w-post-elm post_image usg_post_image_1 stretched\"><a href=\"https:\/\/www.raulsebastian.com\/es\/portfolio\/viviendas-juan-bravo-16\/\" aria-label=\"Viviendas Juan Bravo 16\"><img loading=\"lazy\" decoding=\"async\" width=\"411\" height=\"320\" src=\"https:\/\/www.raulsebastian.com\/wp-content\/uploads\/2023\/10\/Habitatges-Juan-Bravo-16-thumb.jpg\" class=\"attachment-full size-full wp-post-image\" alt=\"\" srcset=\"https:\/\/www.raulsebastian.com\/wp-content\/uploads\/2023\/10\/Habitatges-Juan-Bravo-16-thumb.jpg 411w, https:\/\/www.raulsebastian.com\/wp-content\/uploads\/2023\/10\/Habitatges-Juan-Bravo-16-thumb-300x234.jpg 300w\" sizes=\"(max-width: 411px) 100vw, 411px\" \/><\/a><\/div><h5 class=\"w-post-elm post_title usg_post_title_1 entry-title\"><a href=\"https:\/\/www.raulsebastian.com\/es\/portfolio\/viviendas-juan-bravo-16\/\">Viviendas Juan Bravo 16<\/a><\/h5><div class=\"w-post-elm post_content usg_post_content_1\"><p>Nueva construcci\u00f3n de 6 viviendas en edificio plurifamiliar entre medianeras en la calle Juan Bravo 16 de Barcelona.<\/p>\n<\/div><div class=\"w-post-elm post_taxonomy usg_post_taxonomy_1 style_simple\"><a class=\"term-16 term-viviendas\" href=\"https:\/\/www.raulsebastian.com\/es\/portfolio_category\/viviendas\/\">Viviendas<\/a><\/div>\t\t<\/div>\n\t<\/article>\n\t<article class=\"w-grid-item size_1x1 post-1314 us_portfolio type-us_portfolio status-publish has-post-thumbnail hentry us_portfolio_category-viviendas\" data-id=\"1314\">\n\t\t<div class=\"w-grid-item-h\">\n\t\t\t\t\t\t<div class=\"w-post-elm post_image usg_post_image_1 stretched\"><a href=\"https:\/\/www.raulsebastian.com\/es\/portfolio\/viviendas-calella-de-palafrugell\/\" aria-label=\"Viviendas Calella de Palafrugell\"><img loading=\"lazy\" decoding=\"async\" width=\"411\" height=\"320\" src=\"https:\/\/www.raulsebastian.com\/wp-content\/uploads\/2023\/10\/Habitatges-Calella-de-Palafrugell-cuina.jpg\" class=\"attachment-full size-full wp-post-image\" alt=\"\" srcset=\"https:\/\/www.raulsebastian.com\/wp-content\/uploads\/2023\/10\/Habitatges-Calella-de-Palafrugell-cuina.jpg 411w, https:\/\/www.raulsebastian.com\/wp-content\/uploads\/2023\/10\/Habitatges-Calella-de-Palafrugell-cuina-300x234.jpg 300w\" sizes=\"(max-width: 411px) 100vw, 411px\" \/><\/a><\/div><h5 class=\"w-post-elm post_title usg_post_title_1 entry-title\"><a href=\"https:\/\/www.raulsebastian.com\/es\/portfolio\/viviendas-calella-de-palafrugell\/\">Viviendas Calella de Palafrugell<\/a><\/h5><div class=\"w-post-elm post_content usg_post_content_1\"><p>Nueva Construcci\u00f3n de edificio de 3 viviendas, aparcamiento y urbanizaci\u00f3n en parcela.<\/p>\n<\/div><div class=\"w-post-elm post_taxonomy usg_post_taxonomy_1 style_simple\"><a class=\"term-16 term-viviendas\" href=\"https:\/\/www.raulsebastian.com\/es\/portfolio_category\/viviendas\/\">Viviendas<\/a><\/div>\t\t<\/div>\n\t<\/article>\n\t<article class=\"w-grid-item size_1x1 post-1317 us_portfolio type-us_portfolio status-publish has-post-thumbnail hentry us_portfolio_category-equipamientos us_portfolio_category-rehabilitacion\" data-id=\"1317\">\n\t\t<div class=\"w-grid-item-h\">\n\t\t\t\t\t\t<div class=\"w-post-elm post_image usg_post_image_1 stretched\"><a href=\"https:\/\/www.raulsebastian.com\/es\/portfolio\/la-farinera\/\" aria-label=\"La Farinera\"><img loading=\"lazy\" decoding=\"async\" width=\"411\" height=\"320\" src=\"https:\/\/www.raulsebastian.com\/wp-content\/uploads\/2023\/10\/La-Farinera-thumb.jpg\" class=\"attachment-full size-full wp-post-image\" alt=\"\" srcset=\"https:\/\/www.raulsebastian.com\/wp-content\/uploads\/2023\/10\/La-Farinera-thumb.jpg 411w, https:\/\/www.raulsebastian.com\/wp-content\/uploads\/2023\/10\/La-Farinera-thumb-300x234.jpg 300w\" sizes=\"(max-width: 411px) 100vw, 411px\" \/><\/a><\/div><h5 class=\"w-post-elm post_title usg_post_title_1 entry-title\"><a href=\"https:\/\/www.raulsebastian.com\/es\/portfolio\/la-farinera\/\">La Farinera<\/a><\/h5><div class=\"w-post-elm post_content usg_post_content_1\"><p>Proyecto de reforma y adecuaci\u00f3n interior de un edificio existente (La Farinera) en la calle Aribau n\u00ba 226 de Barcelona.<\/p>\n<\/div><div class=\"w-post-elm post_taxonomy usg_post_taxonomy_1 style_simple\"><a class=\"term-15 term-equipamientos\" href=\"https:\/\/www.raulsebastian.com\/es\/portfolio_category\/equipamientos\/\">Equipamientos<\/a><b>, <\/b><a class=\"term-17 term-rehabilitacion\" href=\"https:\/\/www.raulsebastian.com\/es\/portfolio_category\/rehabilitacion\/\">Rehabilitaci\u00f3n<\/a><\/div>\t\t<\/div>\n\t<\/article>\n<\/div><div class=\"w-grid-preloader\"><div class=\"g-preloader type_1\">\n\t<div><\/div>\n<\/div>\n<\/div>\t\t<div class=\"g-loadmore \">\n\t\t\t<div class=\"g-preloader type_1\">\n\t\t\t\t<div><\/div>\n\t\t\t<\/div>\n\t\t\t<button class=\"w-btn us-btn-style_1\">\n\t\t\t\t<span class=\"w-btn-label\">Cargar m\u00e1s<\/span>\n\t\t\t<\/button>\n\t\t<\/div>\n\t\t\t<div class=\"w-grid-json hidden\" onclick='return {&quot;action&quot;:&quot;us_ajax_grid&quot;,&quot;ajax_url&quot;:&quot;https:\\\/\\\/www.raulsebastian.com\\\/wp-admin\\\/admin-ajax.php&quot;,&quot;infinite_scroll&quot;:true,&quot;max_num_pages&quot;:4,&quot;pagination&quot;:&quot;ajax&quot;,&quot;permalink_url&quot;:&quot;https:\\\/\\\/www.raulsebastian.com\\\/es\\\/wp-json\\\/wp\\\/v2\\\/pages\\\/1284\\\/&quot;,&quot;template_vars&quot;:{&quot;columns&quot;:&quot;3&quot;,&quot;exclude_items&quot;:&quot;none&quot;,&quot;img_size&quot;:&quot;default&quot;,&quot;ignore_items_size&quot;:0,&quot;items_layout&quot;:&quot;192&quot;,&quot;items_offset&quot;:&quot;1&quot;,&quot;load_animation&quot;:&quot;none&quot;,&quot;overriding_link&quot;:&quot;%7B%22url%22%3A%22%22%7D&quot;,&quot;post_id&quot;:0,&quot;query_args&quot;:{&quot;post_type&quot;:[&quot;us_portfolio&quot;],&quot;post_status&quot;:[&quot;publish&quot;],&quot;posts_per_page&quot;:&quot;9&quot;},&quot;orderby_query_args&quot;:{&quot;orderby&quot;:{&quot;date&quot;:&quot;DESC&quot;}},&quot;type&quot;:&quot;grid&quot;,&quot;us_grid_ajax_index&quot;:1,&quot;us_grid_filter_params&quot;:null,&quot;us_grid_index&quot;:1,&quot;_us_grid_post_type&quot;:&quot;us_portfolio&quot;,&quot;page_args&quot;:[],&quot;lang&quot;:&quot;es&quot;}}'><\/div>\n\t<\/div><\/div><\/div><\/div><\/div><\/section>\n","protected":false},"excerpt":{"rendered":"La Farinera Proyecto de reforma y adecuaci\u00f3n interior de un edificio existente (La Farinera) en la calle Aribau n\u00ba 226 de Barcelona. EMPLAZAMIENTO: Calle Aribau n\u00ba226, bajos \u2013 Barcelona SUPERFICIE: 694,25 m\u00b2 PROMOTOR: Reyan S.A. PRESUPUESTO: 437.748,95 \u20ac AUTOR DEL PROYECTO: Bogom Arquitectes S.L. CONSTRUCCI\u00d3N: Marzo 2020 \u2013 Febrero 2021 La FarineraLa FarineraLa FarineraLa FarineraLa...","protected":false},"author":1,"featured_media":0,"parent":0,"menu_order":0,"comment_status":"closed","ping_status":"closed","template":"","meta":{"footnotes":""},"yoast_head":"<!-- This site is optimized with the Yoast SEO plugin v21.5 - https:\/\/yoast.com\/wordpress\/plugins\/seo\/ -->\r\n<title>Proyectos - ra\u00fcl sebasti\u00e1n<\/title>\r\n<meta name=\"robots\" content=\"index, follow, max-snippet:-1, max-image-preview:large, max-video-preview:-1\" \/>\r\n<link rel=\"canonical\" href=\"https:\/\/www.raulsebastian.com\/es\/proyectos\/\" \/>\r\n<meta property=\"og:locale\" content=\"es_ES\" \/>\r\n<meta property=\"og:type\" content=\"article\" \/>\r\n<meta property=\"og:title\" content=\"Proyectos - ra\u00fcl sebasti\u00e1n\" \/>\r\n<meta property=\"og:url\" content=\"https:\/\/www.raulsebastian.com\/es\/proyectos\/\" \/>\r\n<meta property=\"og:site_name\" content=\"ra\u00fcl sebasti\u00e1n\" \/>\r\n<meta property=\"article:modified_time\" content=\"2023-12-14T12:19:26+00:00\" \/>\r\n<meta name=\"twitter:card\" content=\"summary_large_image\" \/>\r\n<script type=\"application\/ld+json\" class=\"yoast-schema-graph\">{\"@context\":\"https:\/\/schema.org\",\"@graph\":[{\"@type\":\"WebPage\",\"@id\":\"https:\/\/www.raulsebastian.com\/es\/proyectos\/\",\"url\":\"https:\/\/www.raulsebastian.com\/es\/proyectos\/\",\"name\":\"Proyectos - ra\u00fcl sebasti\u00e1n\",\"isPartOf\":{\"@id\":\"https:\/\/www.raulsebastian.com\/es\/#website\"},\"datePublished\":\"2023-10-02T10:04:13+00:00\",\"dateModified\":\"2023-12-14T12:19:26+00:00\",\"breadcrumb\":{\"@id\":\"https:\/\/www.raulsebastian.com\/es\/proyectos\/#breadcrumb\"},\"inLanguage\":\"es\",\"potentialAction\":[{\"@type\":\"ReadAction\",\"target\":[\"https:\/\/www.raulsebastian.com\/es\/proyectos\/\"]}]},{\"@type\":\"BreadcrumbList\",\"@id\":\"https:\/\/www.raulsebastian.com\/es\/proyectos\/#breadcrumb\",\"itemListElement\":[{\"@type\":\"ListItem\",\"position\":1,\"name\":\"Inici\",\"item\":\"https:\/\/www.raulsebastian.com\/es\/inicio\/\"},{\"@type\":\"ListItem\",\"position\":2,\"name\":\"Proyectos\"}]},{\"@type\":\"WebSite\",\"@id\":\"https:\/\/www.raulsebastian.com\/es\/#website\",\"url\":\"https:\/\/www.raulsebastian.com\/es\/\",\"name\":\"ra\u00fcl sebasti\u00e1n\",\"description\":\"Arquitecte t\u00e8cnic\",\"potentialAction\":[{\"@type\":\"SearchAction\",\"target\":{\"@type\":\"EntryPoint\",\"urlTemplate\":\"https:\/\/www.raulsebastian.com\/es\/?s={search_term_string}\"},\"query-input\":\"required name=search_term_string\"}],\"inLanguage\":\"es\"}]}<\/script>\r\n<!-- \/ Yoast SEO plugin. -->","yoast_head_json":{"title":"Proyectos - ra\u00fcl sebasti\u00e1n","robots":{"index":"index","follow":"follow","max-snippet":"max-snippet:-1","max-image-preview":"max-image-preview:large","max-video-preview":"max-video-preview:-1"},"canonical":"https:\/\/www.raulsebastian.com\/es\/proyectos\/","og_locale":"es_ES","og_type":"article","og_title":"Proyectos - ra\u00fcl sebasti\u00e1n","og_url":"https:\/\/www.raulsebastian.com\/es\/proyectos\/","og_site_name":"ra\u00fcl sebasti\u00e1n","article_modified_time":"2023-12-14T12:19:26+00:00","twitter_card":"summary_large_image","schema":{"@context":"https:\/\/schema.org","@graph":[{"@type":"WebPage","@id":"https:\/\/www.raulsebastian.com\/es\/proyectos\/","url":"https:\/\/www.raulsebastian.com\/es\/proyectos\/","name":"Proyectos - ra\u00fcl sebasti\u00e1n","isPartOf":{"@id":"https:\/\/www.raulsebastian.com\/es\/#website"},"datePublished":"2023-10-02T10:04:13+00:00","dateModified":"2023-12-14T12:19:26+00:00","breadcrumb":{"@id":"https:\/\/www.raulsebastian.com\/es\/proyectos\/#breadcrumb"},"inLanguage":"es","potentialAction":[{"@type":"ReadAction","target":["https:\/\/www.raulsebastian.com\/es\/proyectos\/"]}]},{"@type":"BreadcrumbList","@id":"https:\/\/www.raulsebastian.com\/es\/proyectos\/#breadcrumb","itemListElement":[{"@type":"ListItem","position":1,"name":"Inici","item":"https:\/\/www.raulsebastian.com\/es\/inicio\/"},{"@type":"ListItem","position":2,"name":"Proyectos"}]},{"@type":"WebSite","@id":"https:\/\/www.raulsebastian.com\/es\/#website","url":"https:\/\/www.raulsebastian.com\/es\/","name":"ra\u00fcl sebasti\u00e1n","description":"Arquitecte t\u00e8cnic","potentialAction":[{"@type":"SearchAction","target":{"@type":"EntryPoint","urlTemplate":"https:\/\/www.raulsebastian.com\/es\/?s={search_term_string}"},"query-input":"required name=search_term_string"}],"inLanguage":"es"}]}},"_links":{"self":[{"href":"https:\/\/www.raulsebastian.com\/es\/wp-json\/wp\/v2\/pages\/1284"}],"collection":[{"href":"https:\/\/www.raulsebastian.com\/es\/wp-json\/wp\/v2\/pages"}],"about":[{"href":"https:\/\/www.raulsebastian.com\/es\/wp-json\/wp\/v2\/types\/page"}],"author":[{"embeddable":true,"href":"https:\/\/www.raulsebastian.com\/es\/wp-json\/wp\/v2\/users\/1"}],"replies":[{"embeddable":true,"href":"https:\/\/www.raulsebastian.com\/es\/wp-json\/wp\/v2\/comments?post=1284"}],"version-history":[{"count":1,"href":"https:\/\/www.raulsebastian.com\/es\/wp-json\/wp\/v2\/pages\/1284\/revisions"}],"predecessor-version":[{"id":1285,"href":"https:\/\/www.raulsebastian.com\/es\/wp-json\/wp\/v2\/pages\/1284\/revisions\/1285"}],"wp:attachment":[{"href":"https:\/\/www.raulsebastian.com\/es\/wp-json\/wp\/v2\/media?parent=1284"}],"curies":[{"name":"wp","href":"https:\/\/api.w.org\/{rel}","templated":true}]}}