{"id":1279,"date":"2023-10-02T12:04:28","date_gmt":"2023-10-02T10:04:28","guid":{"rendered":"https:\/\/www.raulsebastian.com\/equipo\/"},"modified":"2023-12-14T13:14:30","modified_gmt":"2023-12-14T12:14:30","slug":"equipo","status":"publish","type":"page","link":"https:\/\/www.raulsebastian.com\/es\/equipo\/","title":{"rendered":"Equipo"},"content":{"rendered":"<section class=\"l-section wpb_row height_medium with_img\" id=\"hdMd\"><div class=\"l-section-img\" role=\"img\" data-img-width=\"1434\" data-img-height=\"256\" style=\"background-image: url(https:\/\/www.raulsebastian.com\/wp-content\/uploads\/2023\/10\/equipHd.jpg);background-repeat: no-repeat;\"><\/div><div class=\"l-section-h i-cf\"><div class=\"g-cols vc_row via_grid cols_1 laptops-cols_inherit tablets-cols_inherit mobiles-cols_1 valign_top type_default stacking_default\"><div class=\"wpb_column vc_column_container\"><div class=\"vc_column-inner\"><div class=\"wpb_text_column\"><div class=\"wpb_wrapper\"><h2 style=\"text-align: center;\">Conoce a la gente<br \/>\nque hay detr\u00e1s de los proyectos<\/h2>\n<\/div><\/div><\/div><\/div><\/div><\/div><\/section><section class=\"l-section wpb_row height_medium\" id=\"teamMd\"><div class=\"l-section-h i-cf\"><div class=\"g-cols vc_row via_grid cols_3 laptops-cols_inherit tablets-cols_inherit mobiles-cols_1 valign_top type_default stacking_default\"><div class=\"wpb_column vc_column_container\"><div class=\"vc_column-inner\"><div class=\"w-image align_none\"><div class=\"w-image-h\"><img loading=\"lazy\" decoding=\"async\" width=\"303\" height=\"300\" src=\"https:\/\/www.raulsebastian.com\/wp-content\/uploads\/2023\/10\/Raul-Sebastian-Almenara.png\" class=\"attachment-full size-full\" alt=\"\" srcset=\"https:\/\/www.raulsebastian.com\/wp-content\/uploads\/2023\/10\/Raul-Sebastian-Almenara.png 303w, https:\/\/www.raulsebastian.com\/wp-content\/uploads\/2023\/10\/Raul-Sebastian-Almenara-300x297.png 300w, https:\/\/www.raulsebastian.com\/wp-content\/uploads\/2023\/10\/Raul-Sebastian-Almenara-150x150.png 150w\" sizes=\"(max-width: 303px) 100vw, 303px\" \/><\/div><\/div><div class=\"wpb_text_column Nmb\"><div class=\"wpb_wrapper\"><h5 style=\"text-align: center;\">Ra\u00fcl Sebasti\u00e1n Almenara<\/h5>\n<\/div><\/div><div class=\"wpb_text_column LnkTtl\"><div class=\"wpb_wrapper\"><p style=\"text-align: center;\"><a href=\"mailto:rsebastian@raulsebastian.com\">rsebastian@raulsebastian.com<\/a><\/p>\n<\/div><\/div><div class=\"wpb_text_column stds\"><div class=\"wpb_wrapper\"><p style=\"text-align: center;\">Arquitecto t\u00e9cnico (1999)<br \/>\nPosgrado coordinador de seguridad y salud (2003)<br \/>\nPosgrado en rehabilitaci\u00f3n energ\u00e9tica (2023)<\/p>\n<\/div><\/div><\/div><\/div><div class=\"wpb_column vc_column_container\"><div class=\"vc_column-inner\"><div class=\"w-image align_none\"><div class=\"w-image-h\"><img loading=\"lazy\" decoding=\"async\" width=\"300\" height=\"300\" src=\"https:\/\/www.raulsebastian.com\/wp-content\/uploads\/2023\/10\/Angel-Turra-Pares.png\" class=\"attachment-full size-full\" alt=\"\" srcset=\"https:\/\/www.raulsebastian.com\/wp-content\/uploads\/2023\/10\/Angel-Turra-Pares.png 300w, https:\/\/www.raulsebastian.com\/wp-content\/uploads\/2023\/10\/Angel-Turra-Pares-150x150.png 150w\" sizes=\"(max-width: 300px) 100vw, 300px\" \/><\/div><\/div><div class=\"wpb_text_column Nmb\"><div class=\"wpb_wrapper\"><h5 style=\"text-align: center;\">\u00c0ngel Turr\u00e0 Par\u00e9s<\/h5>\n<\/div><\/div><div class=\"wpb_text_column LnkTtl\"><div class=\"wpb_wrapper\"><p style=\"text-align: center;\"><a href=\"mailto:aturra@raulsebastian.com\">aturra@raulsebastian.com<\/a><\/p>\n<\/div><\/div><div class=\"wpb_text_column stds\"><div class=\"wpb_wrapper\"><p style=\"text-align: center;\">Arquitecto t\u00e9cnico (2019)<br \/>\nPosgrado BIM Manager (2021)<br \/>\nPosgrado coordinador de seguridad y salud (2022)<\/p>\n<\/div><\/div><\/div><\/div><div class=\"wpb_column vc_column_container\"><div class=\"vc_column-inner\"><div class=\"w-image align_none\"><div class=\"w-image-h\"><img loading=\"lazy\" decoding=\"async\" width=\"303\" height=\"300\" src=\"https:\/\/www.raulsebastian.com\/wp-content\/uploads\/2023\/10\/Sonia-Castello-Marcet.png\" class=\"attachment-full size-full\" alt=\"\" srcset=\"https:\/\/www.raulsebastian.com\/wp-content\/uploads\/2023\/10\/Sonia-Castello-Marcet.png 303w, https:\/\/www.raulsebastian.com\/wp-content\/uploads\/2023\/10\/Sonia-Castello-Marcet-300x297.png 300w, https:\/\/www.raulsebastian.com\/wp-content\/uploads\/2023\/10\/Sonia-Castello-Marcet-150x150.png 150w\" sizes=\"(max-width: 303px) 100vw, 303px\" \/><\/div><\/div><div class=\"wpb_text_column Nmb\"><div class=\"wpb_wrapper\"><h5 style=\"text-align: center;\">S\u00f2nia Castell\u00f2 Marcet<\/h5>\n<\/div><\/div><div class=\"wpb_text_column LnkTtl\"><div class=\"wpb_wrapper\"><p style=\"text-align: center;\"><a href=\"mailto:scastello@socaparelladora.com\">scastello@socaparelladora.com<\/a><\/p>\n<\/div><\/div><div class=\"wpb_text_column stds\"><div class=\"wpb_wrapper\"><p style=\"text-align: center;\">Arquitecta t\u00e9cnica (2012)<br \/>\nPosgrado en Direcci\u00f3n y Ejecuci\u00f3n de Obras (2014)<\/p>\n<\/div><\/div><\/div><\/div><\/div><\/div><\/section><section class=\"l-section wpb_row height_huge with_img\" id=\"prllxMd\"><div class=\"l-section-img\" role=\"img\" data-img-width=\"1434\" data-img-height=\"520\" style=\"background-image: url(https:\/\/www.raulsebastian.com\/wp-content\/uploads\/2023\/10\/Tienes-un-proyecto-en-mente.jpg);background-repeat: no-repeat;\"><\/div><div class=\"l-section-h i-cf\"><div class=\"g-cols vc_row via_grid cols_1 laptops-cols_inherit tablets-cols_inherit mobiles-cols_1 valign_top type_default stacking_default\"><div class=\"wpb_column vc_column_container\"><div class=\"vc_column-inner\"><div class=\"wpb_text_column\"><div class=\"wpb_wrapper\"><h2 style=\"text-align: center;\">Tienes un proyecto en mente?<\/h2>\n<\/div><\/div><div class=\"w-btn-wrapper align_center\"><a class=\"w-btn us-btn-style_1\" href=\"mailto:rsebastian@raulsebastian.com\"><span class=\"w-btn-label\">Hablamos<\/span><\/a><\/div><\/div><\/div><\/div><\/div><\/section>\n","protected":false},"excerpt":{"rendered":"Conoce a la gente que hay detr\u00e1s de los proyectos Ra\u00fcl Sebasti\u00e1n Almenara rsebastian@raulsebastian.com Arquitecto t\u00e9cnico (1999) Posgrado coordinador de seguridad y salud (2003) Posgrado en rehabilitaci\u00f3n energ\u00e9tica (2023) \u00c0ngel Turr\u00e0 Par\u00e9s aturra@raulsebastian.com Arquitecto t\u00e9cnico (2019) Posgrado BIM Manager (2021) Posgrado coordinador de seguridad y salud (2022) S\u00f2nia Castell\u00f2 Marcet scastello@socaparelladora.com Arquitecta t\u00e9cnica (2012) Posgrado...","protected":false},"author":1,"featured_media":0,"parent":0,"menu_order":0,"comment_status":"closed","ping_status":"closed","template":"","meta":{"footnotes":""},"yoast_head":"<!-- This site is optimized with the Yoast SEO plugin v21.5 - https:\/\/yoast.com\/wordpress\/plugins\/seo\/ -->\r\n<title>Equipo - ra\u00fcl sebasti\u00e1n<\/title>\r\n<meta name=\"robots\" content=\"index, follow, max-snippet:-1, max-image-preview:large, max-video-preview:-1\" \/>\r\n<link rel=\"canonical\" href=\"https:\/\/www.raulsebastian.com\/es\/equipo\/\" \/>\r\n<meta property=\"og:locale\" content=\"es_ES\" \/>\r\n<meta property=\"og:type\" content=\"article\" \/>\r\n<meta property=\"og:title\" content=\"Equipo - ra\u00fcl sebasti\u00e1n\" \/>\r\n<meta property=\"og:url\" content=\"https:\/\/www.raulsebastian.com\/es\/equipo\/\" \/>\r\n<meta property=\"og:site_name\" content=\"ra\u00fcl sebasti\u00e1n\" \/>\r\n<meta property=\"article:modified_time\" content=\"2023-12-14T12:14:30+00:00\" \/>\r\n<meta name=\"twitter:card\" content=\"summary_large_image\" \/>\r\n<meta name=\"twitter:label1\" content=\"Tiempo de lectura\" \/>\n\t<meta name=\"twitter:data1\" content=\"1 minuto\" \/>\r\n<script type=\"application\/ld+json\" class=\"yoast-schema-graph\">{\"@context\":\"https:\/\/schema.org\",\"@graph\":[{\"@type\":\"WebPage\",\"@id\":\"https:\/\/www.raulsebastian.com\/es\/equipo\/\",\"url\":\"https:\/\/www.raulsebastian.com\/es\/equipo\/\",\"name\":\"Equipo - ra\u00fcl sebasti\u00e1n\",\"isPartOf\":{\"@id\":\"https:\/\/www.raulsebastian.com\/es\/#website\"},\"datePublished\":\"2023-10-02T10:04:28+00:00\",\"dateModified\":\"2023-12-14T12:14:30+00:00\",\"breadcrumb\":{\"@id\":\"https:\/\/www.raulsebastian.com\/es\/equipo\/#breadcrumb\"},\"inLanguage\":\"es\",\"potentialAction\":[{\"@type\":\"ReadAction\",\"target\":[\"https:\/\/www.raulsebastian.com\/es\/equipo\/\"]}]},{\"@type\":\"BreadcrumbList\",\"@id\":\"https:\/\/www.raulsebastian.com\/es\/equipo\/#breadcrumb\",\"itemListElement\":[{\"@type\":\"ListItem\",\"position\":1,\"name\":\"Inici\",\"item\":\"https:\/\/www.raulsebastian.com\/es\/inicio\/\"},{\"@type\":\"ListItem\",\"position\":2,\"name\":\"Equipo\"}]},{\"@type\":\"WebSite\",\"@id\":\"https:\/\/www.raulsebastian.com\/es\/#website\",\"url\":\"https:\/\/www.raulsebastian.com\/es\/\",\"name\":\"ra\u00fcl sebasti\u00e1n\",\"description\":\"Arquitecte t\u00e8cnic\",\"potentialAction\":[{\"@type\":\"SearchAction\",\"target\":{\"@type\":\"EntryPoint\",\"urlTemplate\":\"https:\/\/www.raulsebastian.com\/es\/?s={search_term_string}\"},\"query-input\":\"required name=search_term_string\"}],\"inLanguage\":\"es\"}]}<\/script>\r\n<!-- \/ Yoast SEO plugin. -->","yoast_head_json":{"title":"Equipo - ra\u00fcl sebasti\u00e1n","robots":{"index":"index","follow":"follow","max-snippet":"max-snippet:-1","max-image-preview":"max-image-preview:large","max-video-preview":"max-video-preview:-1"},"canonical":"https:\/\/www.raulsebastian.com\/es\/equipo\/","og_locale":"es_ES","og_type":"article","og_title":"Equipo - ra\u00fcl sebasti\u00e1n","og_url":"https:\/\/www.raulsebastian.com\/es\/equipo\/","og_site_name":"ra\u00fcl sebasti\u00e1n","article_modified_time":"2023-12-14T12:14:30+00:00","twitter_card":"summary_large_image","twitter_misc":{"Tiempo de lectura":"1 minuto"},"schema":{"@context":"https:\/\/schema.org","@graph":[{"@type":"WebPage","@id":"https:\/\/www.raulsebastian.com\/es\/equipo\/","url":"https:\/\/www.raulsebastian.com\/es\/equipo\/","name":"Equipo - ra\u00fcl sebasti\u00e1n","isPartOf":{"@id":"https:\/\/www.raulsebastian.com\/es\/#website"},"datePublished":"2023-10-02T10:04:28+00:00","dateModified":"2023-12-14T12:14:30+00:00","breadcrumb":{"@id":"https:\/\/www.raulsebastian.com\/es\/equipo\/#breadcrumb"},"inLanguage":"es","potentialAction":[{"@type":"ReadAction","target":["https:\/\/www.raulsebastian.com\/es\/equipo\/"]}]},{"@type":"BreadcrumbList","@id":"https:\/\/www.raulsebastian.com\/es\/equipo\/#breadcrumb","itemListElement":[{"@type":"ListItem","position":1,"name":"Inici","item":"https:\/\/www.raulsebastian.com\/es\/inicio\/"},{"@type":"ListItem","position":2,"name":"Equipo"}]},{"@type":"WebSite","@id":"https:\/\/www.raulsebastian.com\/es\/#website","url":"https:\/\/www.raulsebastian.com\/es\/","name":"ra\u00fcl sebasti\u00e1n","description":"Arquitecte t\u00e8cnic","potentialAction":[{"@type":"SearchAction","target":{"@type":"EntryPoint","urlTemplate":"https:\/\/www.raulsebastian.com\/es\/?s={search_term_string}"},"query-input":"required name=search_term_string"}],"inLanguage":"es"}]}},"_links":{"self":[{"href":"https:\/\/www.raulsebastian.com\/es\/wp-json\/wp\/v2\/pages\/1279"}],"collection":[{"href":"https:\/\/www.raulsebastian.com\/es\/wp-json\/wp\/v2\/pages"}],"about":[{"href":"https:\/\/www.raulsebastian.com\/es\/wp-json\/wp\/v2\/types\/page"}],"author":[{"embeddable":true,"href":"https:\/\/www.raulsebastian.com\/es\/wp-json\/wp\/v2\/users\/1"}],"replies":[{"embeddable":true,"href":"https:\/\/www.raulsebastian.com\/es\/wp-json\/wp\/v2\/comments?post=1279"}],"version-history":[{"count":2,"href":"https:\/\/www.raulsebastian.com\/es\/wp-json\/wp\/v2\/pages\/1279\/revisions"}],"predecessor-version":[{"id":1281,"href":"https:\/\/www.raulsebastian.com\/es\/wp-json\/wp\/v2\/pages\/1279\/revisions\/1281"}],"wp:attachment":[{"href":"https:\/\/www.raulsebastian.com\/es\/wp-json\/wp\/v2\/media?parent=1279"}],"curies":[{"name":"wp","href":"https:\/\/api.w.org\/{rel}","templated":true}]}}